{"id":14,"date":"2024-06-05T15:12:10","date_gmt":"2024-06-05T13:12:10","guid":{"rendered":"https:\/\/kelasiedition.com\/?page_id=14"},"modified":"2025-06-04T20:06:10","modified_gmt":"2025-06-04T18:06:10","slug":"accueil","status":"publish","type":"page","link":"https:\/\/kelasiedition.com\/","title":{"rendered":"Accueil"},"content":{"rendered":"<p><!DOCTYPE html><br \/>\n<html lang=\"fr\"><br \/>\n<head><br \/>\n  <meta charset=\"UTF-8\"><br \/>\n  <meta name=\"viewport\" content=\"width=device-width, initial-scale=1.0\"><br \/>\n  <title>Kelasi \u00c9dition &#8211; Maison d&#8217;\u00c9dition<\/title>\n  <link href=\"https:\/\/cdn.jsdelivr.net\/npm\/bootstrap@5.3.3\/dist\/css\/bootstrap.min.css\" rel=\"stylesheet\">\n<style>\n    .hero {\n      height: 80vh;\n      background: url('slider-placeholder.jpg') center\/cover no-repeat;\n      color: white;\n      display: flex;\n      align-items: center;\n      justify-content: center;\n      text-align: center;\n      position: relative;\n    }\n    .hero::before {\n      content: '';\n      position: absolute;\n      top: 0; left: 0; width: 100%; height: 100%;\n      background: rgba(0, 0, 0, 0.5);\n    }\n    .hero h1 {\n      position: relative;\n      z-index: 2;\n      font-size: 3rem;\n    }\n    .section {\n      padding: 60px 0;\n    }\n    .book-card img {\n      max-height: 250px;\n      object-fit: cover;\n    }\n  <\/style>\n<p><\/head><br \/>\n<body><br \/>\n<!-- Hero \/ Slider --><\/p>\n<header>\n<h1>Bienvenue chez Kelasi \u00c9dition<\/h1>\n<p>Des livres qui \u00e9veillent les esprits et forment les g\u00e9n\u00e9rations<\/p>\n<\/header>\n<p><!-- \u00c0 propos --><\/p>\n<section>\n<h2>Qui sommes-nous ?<\/h2>\n<p>Kelasi \u00c9dition est une maison d&#8217;\u00e9dition d\u00e9di\u00e9e \u00e0 la production et la diffusion d&#8217;ouvrages \u00e9ducatifs, scientifiques et culturels en Afrique francophone.<\/p>\n<\/section>\n<p><!-- Nos Derni\u00e8res Publications --><\/p>\n<section>\n<h2>Nos Derni\u00e8res Publications<\/h2>\n<p>          <img decoding=\"async\" src=\"cover-placeholder-1.jpg\" alt=\"Livre 1\"><\/p>\n<h5>Titre du Livre 1<\/h5>\n<p>R\u00e9sum\u00e9 du livre 1&#8230;<\/p>\n<p>            <a href=\"#\">Lire plus<\/a><br \/>\n          <img decoding=\"async\" src=\"cover-placeholder-2.jpg\" alt=\"Livre 2\"><\/p>\n<h5>Titre du Livre 2<\/h5>\n<p>R\u00e9sum\u00e9 du livre 2&#8230;<\/p>\n<p>            <a href=\"#\">Lire plus<\/a><br \/>\n          <img decoding=\"async\" src=\"cover-placeholder-3.jpg\" alt=\"Livre 3\"><\/p>\n<h5>Titre du Livre 3<\/h5>\n<p>R\u00e9sum\u00e9 du livre 3&#8230;<\/p>\n<p>            <a href=\"#\">Lire plus<\/a><br \/>\n<\/section>\n<p><!-- T\u00e9moignages --><\/p>\n<section>\n<h2>Ce que disent nos lecteurs<\/h2>\n<blockquote>\n<p>\u201cUne maison d&#8217;\u00e9dition qui fait honneur \u00e0 la litt\u00e9rature \u00e9ducative africaine.\u201d<\/p>\n<footer>Prof. Jean M.<\/footer>\n<\/blockquote>\n<blockquote>\n<p>\u201cUn excellent partenaire pour nos manuels scolaires. S\u00e9rieux et qualitatif.\u201d<\/p>\n<footer>Minist\u00e8re de l&#8217;\u00c9ducation RDC<\/footer>\n<\/blockquote>\n<\/section>\n<p><!-- Contact --><\/p>\n<section>\n<h2>Contactez-nous<\/h2>\n<p>Pour tout partenariat, publication ou commande, n&#8217;h\u00e9sitez pas \u00e0 nous \u00e9crire.<\/p>\n<p>    <a href=\"mailto:contact@kelasiedition.org\">Nous \u00e9crire<\/a><br \/>\n<\/section>\n<p><!-- Pied de page --><\/p>\n<footer>\n<p>&copy; 2025 Kelasi \u00c9dition. Tous droits r\u00e9serv\u00e9s.<\/p>\n<\/footer>\n<p><\/body><br \/>\n<\/html><\/p>\n","protected":false},"excerpt":{"rendered":"<p>Kelasi \u00c9dition &#8211; Maison d&#8217;\u00c9dition Bienvenue chez Kelasi \u00c9dition Des livres qui \u00e9veillent&hellip;<\/p>\n","protected":false},"author":1,"featured_media":0,"parent":0,"menu_order":0,"comment_status":"closed","ping_status":"closed","template":"","meta":{"_crdt_document":"","_monsterinsights_skip_tracking":false,"_monsterinsights_sitenote_active":false,"_monsterinsights_sitenote_note":"","_monsterinsights_sitenote_category":0,"footnotes":""},"class_list":["post-14","page","type-page","status-publish","hentry"],"aioseo_notices":[],"_links":{"self":[{"href":"https:\/\/kelasiedition.com\/index.php\/wp-json\/wp\/v2\/pages\/14","targetHints":{"allow":["GET"]}}],"collection":[{"href":"https:\/\/kelasiedition.com\/index.php\/wp-json\/wp\/v2\/pages"}],"about":[{"href":"https:\/\/kelasiedition.com\/index.php\/wp-json\/wp\/v2\/types\/page"}],"author":[{"embeddable":true,"href":"https:\/\/kelasiedition.com\/index.php\/wp-json\/wp\/v2\/users\/1"}],"replies":[{"embeddable":true,"href":"https:\/\/kelasiedition.com\/index.php\/wp-json\/wp\/v2\/comments?post=14"}],"version-history":[{"count":10,"href":"https:\/\/kelasiedition.com\/index.php\/wp-json\/wp\/v2\/pages\/14\/revisions"}],"predecessor-version":[{"id":2568,"href":"https:\/\/kelasiedition.com\/index.php\/wp-json\/wp\/v2\/pages\/14\/revisions\/2568"}],"wp:attachment":[{"href":"https:\/\/kelasiedition.com\/index.php\/wp-json\/wp\/v2\/media?parent=14"}],"curies":[{"name":"wp","href":"https:\/\/api.w.org\/{rel}","templated":true}]}}